{"id":941,"date":"2023-07-04T10:56:48","date_gmt":"2023-07-04T10:56:48","guid":{"rendered":"https:\/\/www.cosmetic.ramimrahman.com\/?post_type=product&#038;p=941"},"modified":"2024-02-15T14:51:52","modified_gmt":"2024-02-15T14:51:52","slug":"skin-care-travel-kit","status":"publish","type":"product","link":"https:\/\/www.cosmetic.ramimrahman.com\/pl\/produkt\/skin-care-travel-kit\/","title":{"rendered":"Zestaw podr\u00f3\u017cny do piel\u0119gnacji twarzy"},"content":{"rendered":"<p><strong>Dodatkowe informacje:<\/strong><br \/>\nWymiary lnianej kosmetyczki: 18x12x5 cm<\/p>\n<p>Maseczka do twarzy : 25g \/ AQUA, PROPANEDIOL, METHYL, GLUCETH-20, HAMAMELIS VIRGINIANA EXTRACT, GLYCERIN, ERYTHRITOL, ACETYL GLUCOSAMINE, PRUNUS PERISCA RESIN EXTRACT, BUTYLENE GLYCOL, HYDROLYZED OAT PROTEIN, TREHALOSE, XYDROXYETHYLCELLULOSE, ROSA CENTIFOLIA FLOWER EXTRACT, JASMINUM OFFICINALE FLOWER EXTRACT, BELLIS PERRENIS FLOWER EXTRACT, XANTHAN GUM, PANTHENOL, SODIUM HYALURONATE CROSSPOLYMER, SACCHARIDE ISOMERATE, CARBOMER, JOJOBA OIL PEG-8 ESTERS, ARGININE, HYDROLYZED SCLEROTIUM GUM, SODIUM HYALURONATE, PPG-26-BUTETH-26, PEG-40 HYDROGENATED CASTOR OIL<\/p>\n<p>P\u0142atki pod oczy: 10g \/ AQUA, GLYCERIN, XANTHAN GUM, CHONDRUS CRISPUS POWDER, GLUCOMANNAN, ALGIN, CITRIC ACID, POTASSIUM CHLORIDE, POTASSIUM CITRATE, CHLORPHENESIN, METHYLPARABEN, TITANIUM DIOXIDE, BUTYLENE GLYCOL, CENTELLA ASIATICA EXTRACT, POLYGONUM CUSPIDATUM ROOT EXTRACT, SCUTELLARIA BAICALENSIS ROOT EXTRACT, CAMELLIA SINENSIS LEAF EXTRACT, GLYCYRRHIZA GLABRA ROOT EXTRACT, CHAMOMILLA RECUTITA FLOWER EXTRACT, ROSMARINUS OFFICINALIS LEAF EXTRACT, PEG-40 HYDROGENATED CASTOR OIL, SODIUM HYALURONATE, HYDROLYZED COLLAGEN, FRAGRANCE<\/p>\n<p>Serum do twarzy: 10ml \/ AQUA, METHYL GLUCETH-20, GLYCERIN, LACTOBIONIC ACID, BUTYLENE GLYCOL, DIMETHYL ISOSORBIDE, PHENOXYETHANOL, XANTHAN GUM, SODIUM HYDROXIDE, DIPOTASSIUM GLYCYRRHIZATE, SODIUM HYALURONATE, HYDROLYZED OAT PROTEIN, CHLORPHENESIN, 1,2-HEXANEDIOL, TREHALOSE, PPG-26-BUTETH-26, LAURETH-7, PEG-40 HYDROGENATED CASTOR OIL, PENTYLENE GLYCOL, FRAGRANCE, HYDROXYETHYLCELLULOSE, SOLUBLE COLLAGEN, ROSA CENTIFOLIA FLOWER EXTRACT, JASMINUM OFFICINALE FLOWER EXTRACT, BELLIS PERENNIS FLOWER EXTRACT, ACETYL HEXAPEPTIDE-8, ETHYLHEXYLGLYCERIN, SODIUM BENZOATE, POTASSIUM SORBATE, PALMITOYL PENTAPEPTIDE-4, PALMITOYL TRIPEPTIDE-1, PALMITOYL TETRAPEPTIDE-7<\/p>\n<p>Mgie\u0142ka do twarzy: 80ml \/ INGREDIENTS: AQUA, GLYCERIN, ALOE BARBADENSIS LEAF WATER, GLYCERETH-26, METHYL GLUCETH-20, ERYTHRITOL, BETAINE, PROPYLENE GLYCOL, 1,2-HEXANEDIOL, PEG-7 GLYCERYL COCOATE, PPG-26-BUTETH-26, BUTYLENE GLYCOL, PEG-40 HYDROGENATED CASTOR OIL, ETHYLHEXYLGLYCERIN, ALLANTOIN, SODIUM HYALURONATE, CAPRYLHYDROXAMIC ACID, SACCHARIDE ISOMERATE, SACCHARIDE HYDROLYSATE, HYDROLYZED OAT PROTEIN, GLYCERYL CAPRYLATE, FRAGRANCE, TREHALOSE, BETA-GLUCAN, PHENOXYETHANOL, HYDROXYETHYLCELLULOSE, CITRIC ACID, SODIUM CITRATE<\/p>\n<p>Peeling do ust: 15g \/ PETROLATUM, SUCROSE, COCOS NUCIFERA SEED OIL, BEESWAX, BUTYROSPERMUM PARKII (SHEA BUTTER), HYDROGENATED VEGETABLE OIL, PHYTOSTERYL OLEATE, TOCOPHERYL ACETATE, CI 60725, LAVANDULA ANGUSTIFOLIA OIL<\/p>","protected":false},"excerpt":{"rendered":"<p>Zestaw z serii intensywnie nawil\u017caj\u0105cej, spakowany w praktyczn\u0105 kosmetyczk\u0119!<br \/>\nEasy to travel with, aircraft regulations friendly set containing:<\/p>\n<p>-G\u0141\u0118BOKO NAWIL\u017bAJ\u0104CA MASECZKA DO TWARZY z kwasem hialuronowym i ro\u015blinnymi ekstraktami, do sk\u00f3ry nara\u017conej na wysuszaj\u0105ce czynniki, takie jak klimatyzacja czy wysoka temperatura. Maseczka ukoi Twoj\u0105 sk\u00f3r\u0119 i przygotuje j\u0105 do dalszej piel\u0119gnacji.<\/p>\n<p>-ROZ\u015aWIETLAJ\u0104CO-NAWIL\u017bAJ\u0104CE P\u0141ATKI POD OCZY z kolagenem. Nie ze\u015blizguj\u0105 si\u0119, dzi\u0119ki czemu mo\u017cesz stosowa\u0107 je kiedy I gdzie chcesz!<\/p>\n<p>-SERUM NAPRAWCZE NA DZIE\u0143 I NOC z kolagenem. Serum poprawia tekstur\u0119 sk\u00f3ry uelastyczniaj\u0105c i nawil\u017caj\u0105c j\u0105. Do stosowania przed ulubionym kremem do twarzy.<\/p>\n<p>-NAWIL\u017bAJ\u0104CO-REWITALIZUJ\u0104CA MGIE\u0141KA DO TWARZY z kwasem hialuronowym, aloesem i betaglukanem. Do u\u017cytku rano i wieczorem jako delikatny tonik oraz w ci\u0105gu dnia do od\u015bwie\u017cenia i nawil\u017cenia sk\u00f3ry.<\/p>\n<p>-OD\u017bYWCZY PEELING DO UST z olejkiem lawendowym, \u0142agodnie peelinguje oraz nawil\u017ca usta.<\/p>","protected":false},"featured_media":942,"comment_status":"open","ping_status":"closed","template":"","meta":{"site-sidebar-layout":"default","site-content-layout":"default","ast-global-header-display":"","ast-banner-title-visibility":"","ast-main-header-display":"","ast-hfb-above-header-display":"","ast-hfb-below-header-display":"","ast-hfb-mobile-header-display":"","site-post-title":"","ast-breadcrumbs-content":"","ast-featured-img":"","footer-sml-layout":"","theme-transparent-header-meta":"default","adv-header-id-meta":"","stick-header-meta":"","header-above-stick-meta":"","header-main-stick-meta":"","header-below-stick-meta":""},"product_cat":[17],"product_tag":[],"class_list":["post-941","product","type-product","status-publish","has-post-thumbnail","hentry","product_cat-gifts","desktop-align-center","tablet-align-left","mobile-align-center"],"_links":{"self":[{"href":"https:\/\/www.cosmetic.ramimrahman.com\/pl\/wp-json\/wp\/v2\/product\/941","targetHints":{"allow":["GET"]}}],"collection":[{"href":"https:\/\/www.cosmetic.ramimrahman.com\/pl\/wp-json\/wp\/v2\/product"}],"about":[{"href":"https:\/\/www.cosmetic.ramimrahman.com\/pl\/wp-json\/wp\/v2\/types\/product"}],"replies":[{"embeddable":true,"href":"https:\/\/www.cosmetic.ramimrahman.com\/pl\/wp-json\/wp\/v2\/comments?post=941"}],"version-history":[{"count":0,"href":"https:\/\/www.cosmetic.ramimrahman.com\/pl\/wp-json\/wp\/v2\/product\/941\/revisions"}],"wp:featuredmedia":[{"embeddable":true,"href":"https:\/\/www.cosmetic.ramimrahman.com\/pl\/wp-json\/wp\/v2\/media\/942"}],"wp:attachment":[{"href":"https:\/\/www.cosmetic.ramimrahman.com\/pl\/wp-json\/wp\/v2\/media?parent=941"}],"wp:term":[{"taxonomy":"product_cat","embeddable":true,"href":"https:\/\/www.cosmetic.ramimrahman.com\/pl\/wp-json\/wp\/v2\/product_cat?post=941"},{"taxonomy":"product_tag","embeddable":true,"href":"https:\/\/www.cosmetic.ramimrahman.com\/pl\/wp-json\/wp\/v2\/product_tag?post=941"}],"curies":[{"name":"wp","href":"https:\/\/api.w.org\/{rel}","templated":true}]}}