{"id":938,"date":"2023-07-04T10:45:48","date_gmt":"2023-07-04T10:45:48","guid":{"rendered":"https:\/\/www.cosmetic.ramimrahman.com\/?post_type=product&#038;p=938"},"modified":"2023-07-19T05:55:43","modified_gmt":"2023-07-19T05:55:43","slug":"deeply-hydrating-face-mask","status":"publish","type":"product","link":"https:\/\/www.cosmetic.ramimrahman.com\/pl\/produkt\/deeply-hydrating-face-mask\/","title":{"rendered":"G\u0141\u0118BOKO NAWIL\u017bAJ\u0104CA MASECZKA DO TWARZY"},"content":{"rendered":"<p><strong>Dodatkowe informacje:<\/strong><br \/>\nWaga: 25g<br \/>\nSk\u0142ad: AQUA, PROPANEDIOL, METHYL, GLUCETH-20, HAMAMELIS VIRGINIANA EXTRACT, GLYCERIN, ERYTHRITOL, ACETYL GLUCOSAMINE, PRUNUS PERISCA RESIN EXTRACT, BUTYLENE GLYCOL, HYDROLYZED OAT PROTEIN, TREHALOSE, XYDROXYETHYLCELLULOSE, ROSA CENTIFOLIA FLOWER EXTRACT, JASMINUM OFFICINALE FLOWER EXTRACT, BELLIS PERRENIS FLOWER EXTRACT, XANTHAN GUM, PANTHENOL, SODIUM HYALURONATE CROSSPOLYMER, SACCHARIDE ISOMERATE, CARBOMER, JOJOBA OIL PEG-8 ESTERS, ARGININE, HYDROLYZED SCLEROTIUM GUM, SODIUM HYALURONATE, PPG-26-BUTETH-26, PEG-40 HYDROGENATED CASTOR OIL<\/p>","protected":false},"excerpt":{"rendered":"<p>Z kwasem hialuronowym i ro\u015blinnymi ekstraktami, do sk\u00f3ry nara\u017conej na wysuszaj\u0105ce czynniki, takie jak klimatyzacja czy wysoka temperatura. Maseczka ukoi Twoj\u0105 sk\u00f3r\u0119 i przygotuje j\u0105 do dalszej piel\u0119gnacji.<\/p>","protected":false},"featured_media":883,"comment_status":"open","ping_status":"closed","template":"","meta":{"site-sidebar-layout":"default","site-content-layout":"default","ast-global-header-display":"","ast-banner-title-visibility":"","ast-main-header-display":"","ast-hfb-above-header-display":"","ast-hfb-below-header-display":"","ast-hfb-mobile-header-display":"","site-post-title":"","ast-breadcrumbs-content":"","ast-featured-img":"","footer-sml-layout":"","theme-transparent-header-meta":"default","adv-header-id-meta":"","stick-header-meta":"","header-above-stick-meta":"","header-main-stick-meta":"","header-below-stick-meta":""},"product_cat":[17],"product_tag":[],"class_list":["post-938","product","type-product","status-publish","has-post-thumbnail","hentry","product_cat-gifts","desktop-align-center","tablet-align-left","mobile-align-center"],"_links":{"self":[{"href":"https:\/\/www.cosmetic.ramimrahman.com\/pl\/wp-json\/wp\/v2\/product\/938","targetHints":{"allow":["GET"]}}],"collection":[{"href":"https:\/\/www.cosmetic.ramimrahman.com\/pl\/wp-json\/wp\/v2\/product"}],"about":[{"href":"https:\/\/www.cosmetic.ramimrahman.com\/pl\/wp-json\/wp\/v2\/types\/product"}],"replies":[{"embeddable":true,"href":"https:\/\/www.cosmetic.ramimrahman.com\/pl\/wp-json\/wp\/v2\/comments?post=938"}],"version-history":[{"count":0,"href":"https:\/\/www.cosmetic.ramimrahman.com\/pl\/wp-json\/wp\/v2\/product\/938\/revisions"}],"wp:featuredmedia":[{"embeddable":true,"href":"https:\/\/www.cosmetic.ramimrahman.com\/pl\/wp-json\/wp\/v2\/media\/883"}],"wp:attachment":[{"href":"https:\/\/www.cosmetic.ramimrahman.com\/pl\/wp-json\/wp\/v2\/media?parent=938"}],"wp:term":[{"taxonomy":"product_cat","embeddable":true,"href":"https:\/\/www.cosmetic.ramimrahman.com\/pl\/wp-json\/wp\/v2\/product_cat?post=938"},{"taxonomy":"product_tag","embeddable":true,"href":"https:\/\/www.cosmetic.ramimrahman.com\/pl\/wp-json\/wp\/v2\/product_tag?post=938"}],"curies":[{"name":"wp","href":"https:\/\/api.w.org\/{rel}","templated":true}]}}