{"id":474,"date":"2021-04-28T20:13:26","date_gmt":"2021-04-28T20:13:26","guid":{"rendered":"https:\/\/www.cosmetic.ramimrahman.com\/product\/pack-4\/"},"modified":"2023-07-19T05:55:08","modified_gmt":"2023-07-19T05:55:08","slug":"brightening-soothing-under-eyes-patches","status":"publish","type":"product","link":"https:\/\/www.cosmetic.ramimrahman.com\/pl\/produkt\/brightening-soothing-under-eyes-patches\/","title":{"rendered":"ROZ\u015aWIETLAJ\u0104CO-NAWIL\u017bAJ\u0104CE P\u0141ATKI POD OCZY"},"content":{"rendered":"<p><strong>Dodatkowe informacje:<\/strong><br \/>\nWaga: 10g<br \/>\nSk\u0142ad: AQUA, GLYCERIN, XANTHAN GUM, CHONDRUS CRISPUS POWDER, GLUCOMANNAN, ALGIN, CITRIC ACID, POTASSIUM CHLORIDE, POTASSIUM CITRATE, CHLORPHENESIN, METHYLPARABEN, TITANIUM DIOXIDE, BUTYLENE GLYCOL, CENTELLA ASIATICA EXTRACT, POLYGONUM CUSPIDATUM ROOT EXTRACT, SCUTELLARIA BAICALENSIS ROOT EXTRACT, CAMELLIA SINENSIS LEAF EXTRACT, GLYCYRRHIZA GLABRA ROOT EXTRACT, CHAMOMILLA RECUTITA FLOWER EXTRACT, ROSMARINUS OFFICINALIS LEAF EXTRACT, PEG-40 HYDROGENATED CASTOR OIL, SODIUM HYALURONATE, HYDROLYZED COLLAGEN, FRAGRANCE<\/p>","protected":false},"excerpt":{"rendered":"<p>Z kolagenem. Nie ze\u015blizguj\u0105 si\u0119, dzi\u0119ki czemu mo\u017cesz stosowa\u0107 je kiedy I gdzie chcesz!<\/p>","protected":false},"featured_media":854,"comment_status":"open","ping_status":"closed","template":"","meta":{"site-sidebar-layout":"default","site-content-layout":"default","ast-global-header-display":"","ast-banner-title-visibility":"","ast-main-header-display":"","ast-hfb-above-header-display":"","ast-hfb-below-header-display":"","ast-hfb-mobile-header-display":"","site-post-title":"","ast-breadcrumbs-content":"","ast-featured-img":"","footer-sml-layout":"","theme-transparent-header-meta":"default","adv-header-id-meta":"","stick-header-meta":"","header-above-stick-meta":"","header-main-stick-meta":"","header-below-stick-meta":""},"product_cat":[17],"product_tag":[],"class_list":["post-474","product","type-product","status-publish","has-post-thumbnail","hentry","product_cat-gifts","desktop-align-center","tablet-align-left","mobile-align-center"],"_links":{"self":[{"href":"https:\/\/www.cosmetic.ramimrahman.com\/pl\/wp-json\/wp\/v2\/product\/474","targetHints":{"allow":["GET"]}}],"collection":[{"href":"https:\/\/www.cosmetic.ramimrahman.com\/pl\/wp-json\/wp\/v2\/product"}],"about":[{"href":"https:\/\/www.cosmetic.ramimrahman.com\/pl\/wp-json\/wp\/v2\/types\/product"}],"replies":[{"embeddable":true,"href":"https:\/\/www.cosmetic.ramimrahman.com\/pl\/wp-json\/wp\/v2\/comments?post=474"}],"version-history":[{"count":0,"href":"https:\/\/www.cosmetic.ramimrahman.com\/pl\/wp-json\/wp\/v2\/product\/474\/revisions"}],"wp:featuredmedia":[{"embeddable":true,"href":"https:\/\/www.cosmetic.ramimrahman.com\/pl\/wp-json\/wp\/v2\/media\/854"}],"wp:attachment":[{"href":"https:\/\/www.cosmetic.ramimrahman.com\/pl\/wp-json\/wp\/v2\/media?parent=474"}],"wp:term":[{"taxonomy":"product_cat","embeddable":true,"href":"https:\/\/www.cosmetic.ramimrahman.com\/pl\/wp-json\/wp\/v2\/product_cat?post=474"},{"taxonomy":"product_tag","embeddable":true,"href":"https:\/\/www.cosmetic.ramimrahman.com\/pl\/wp-json\/wp\/v2\/product_tag?post=474"}],"curies":[{"name":"wp","href":"https:\/\/api.w.org\/{rel}","templated":true}]}}