{"id":473,"date":"2021-04-28T20:11:58","date_gmt":"2021-04-28T20:11:58","guid":{"rendered":"https:\/\/www.cosmetic.ramimrahman.com\/product\/pack-2-2\/"},"modified":"2023-07-19T08:01:23","modified_gmt":"2023-07-19T08:01:23","slug":"day-night-resorative-serum","status":"publish","type":"product","link":"https:\/\/www.cosmetic.ramimrahman.com\/pl\/produkt\/day-night-resorative-serum\/","title":{"rendered":"SERUM NAPRAWCZE NA DZIE\u0143 I NOC"},"content":{"rendered":"<p><strong>Dodatkowe informacje:<\/strong><br \/>\nObj\u0119to\u015b\u0107: 10ml<br \/>\nSk\u0142ad: AQUA, METHYL GLUCETH-20, GLYCERIN, LACTOBIONIC ACID, BUTYLENE GLYCOL, DIMETHYL ISOSORBIDE, PHENOXYETHANOL, XANTHAN GUM, SODIUM HYDROXIDE, DIPOTASSIUM GLYCYRRHIZATE, SODIUM HYALURONATE, HYDROLYZED OAT PROTEIN, CHLORPHENESIN, 1,2-HEXANEDIOL, TREHALOSE, PPG-26-BUTETH-26, LAURETH-7, PEG-40 HYDROGENATED CASTOR OIL, PENTYLENE GLYCOL, FRAGRANCE, HYDROXYETHYLCELLULOSE, SOLUBLE COLLAGEN, ROSA CENTIFOLIA FLOWER EXTRACT, JASMINUM OFFICINALE FLOWER EXTRACT, BELLIS PERENNIS FLOWER EXTRACT, ACETYL HEXAPEPTIDE-8, ETHYLHEXYLGLYCERIN, SODIUM BENZOATE, POTASSIUM SORBATE, PALMITOYL PENTAPEPTIDE-4, PALMITOYL TRIPEPTIDE-1, PALMITOYL TETRAPEPTIDE-7<\/p>","protected":false},"excerpt":{"rendered":"<p>Z kolagenem. Serum poprawia tekstur\u0119 sk\u00f3ry uelastyczniaj\u0105c i nawil\u017caj\u0105c j\u0105. Do stosowania przed ulubionym kremem do twarzy.<\/p>","protected":false},"featured_media":821,"comment_status":"open","ping_status":"closed","template":"","meta":{"site-sidebar-layout":"default","site-content-layout":"default","ast-global-header-display":"","ast-banner-title-visibility":"","ast-main-header-display":"","ast-hfb-above-header-display":"","ast-hfb-below-header-display":"","ast-hfb-mobile-header-display":"","site-post-title":"","ast-breadcrumbs-content":"","ast-featured-img":"","footer-sml-layout":"","theme-transparent-header-meta":"default","adv-header-id-meta":"","stick-header-meta":"","header-above-stick-meta":"","header-main-stick-meta":"","header-below-stick-meta":""},"product_cat":[17],"product_tag":[],"class_list":["post-473","product","type-product","status-publish","has-post-thumbnail","hentry","product_cat-gifts","desktop-align-center","tablet-align-left","mobile-align-center"],"_links":{"self":[{"href":"https:\/\/www.cosmetic.ramimrahman.com\/pl\/wp-json\/wp\/v2\/product\/473","targetHints":{"allow":["GET"]}}],"collection":[{"href":"https:\/\/www.cosmetic.ramimrahman.com\/pl\/wp-json\/wp\/v2\/product"}],"about":[{"href":"https:\/\/www.cosmetic.ramimrahman.com\/pl\/wp-json\/wp\/v2\/types\/product"}],"replies":[{"embeddable":true,"href":"https:\/\/www.cosmetic.ramimrahman.com\/pl\/wp-json\/wp\/v2\/comments?post=473"}],"version-history":[{"count":0,"href":"https:\/\/www.cosmetic.ramimrahman.com\/pl\/wp-json\/wp\/v2\/product\/473\/revisions"}],"wp:featuredmedia":[{"embeddable":true,"href":"https:\/\/www.cosmetic.ramimrahman.com\/pl\/wp-json\/wp\/v2\/media\/821"}],"wp:attachment":[{"href":"https:\/\/www.cosmetic.ramimrahman.com\/pl\/wp-json\/wp\/v2\/media?parent=473"}],"wp:term":[{"taxonomy":"product_cat","embeddable":true,"href":"https:\/\/www.cosmetic.ramimrahman.com\/pl\/wp-json\/wp\/v2\/product_cat?post=473"},{"taxonomy":"product_tag","embeddable":true,"href":"https:\/\/www.cosmetic.ramimrahman.com\/pl\/wp-json\/wp\/v2\/product_tag?post=473"}],"curies":[{"name":"wp","href":"https:\/\/api.w.org\/{rel}","templated":true}]}}