{"id":472,"date":"2021-04-28T20:10:18","date_gmt":"2021-04-28T20:10:18","guid":{"rendered":"https:\/\/www.cosmetic.ramimrahman.com\/product\/pack-2\/"},"modified":"2023-07-19T09:08:45","modified_gmt":"2023-07-19T09:08:45","slug":"moisturizing-and-revitalizing-face-mist","status":"publish","type":"product","link":"https:\/\/www.cosmetic.ramimrahman.com\/pl\/produkt\/moisturizing-and-revitalizing-face-mist\/","title":{"rendered":"NAWIL\u017bAJ\u0104CO-REWITALIZUJ\u0104CA MGIE\u0141KA DO TWARZY"},"content":{"rendered":"<p><strong>Dodatkowe informacje:<\/strong><br \/>\nObj\u0119to\u015b\u0107: 80ml<br \/>\nSk\u0142ad: INGREDIENTS: AQUA, GLYCERIN, ALOE BARBADENSIS LEAF WATER, GLYCERETH-26, METHYL GLUCETH-20, ERYTHRITOL, BETAINE, PROPYLENE GLYCOL, 1,2-HEXANEDIOL, PEG-7 GLYCERYL COCOATE, PPG-26-BUTETH-26, BUTYLENE GLYCOL, PEG-40 HYDROGENATED CASTOR OIL, ETHYLHEXYLGLYCERIN, ALLANTOIN, SODIUM HYALURONATE, CAPRYLHYDROXAMIC ACID, SACCHARIDE ISOMERATE, SACCHARIDE HYDROLYSATE, HYDROLYZED OAT PROTEIN, GLYCERYL CAPRYLATE, FRAGRANCE, TREHALOSE, BETA-GLUCAN, PHENOXYETHANOL, HYDROXYETHYLCELLULOSE, CITRIC ACID, SODIUM CITRATE<\/p>","protected":false},"excerpt":{"rendered":"<p>Z kwasem hialuronowym, aloesem i betaglukanem. Do u\u017cytku rano i wieczorem jako delikatny tonik oraz w ci\u0105gu dnia do od\u015bwie\u017cenia i nawil\u017cenia sk\u00f3ry.<\/p>","protected":false},"featured_media":939,"comment_status":"open","ping_status":"closed","template":"","meta":{"site-sidebar-layout":"default","site-content-layout":"default","ast-global-header-display":"","ast-banner-title-visibility":"","ast-main-header-display":"","ast-hfb-above-header-display":"","ast-hfb-below-header-display":"","ast-hfb-mobile-header-display":"","site-post-title":"","ast-breadcrumbs-content":"","ast-featured-img":"","footer-sml-layout":"","theme-transparent-header-meta":"default","adv-header-id-meta":"","stick-header-meta":"","header-above-stick-meta":"","header-main-stick-meta":"","header-below-stick-meta":""},"product_cat":[17],"product_tag":[],"class_list":["post-472","product","type-product","status-publish","has-post-thumbnail","hentry","product_cat-gifts","desktop-align-center","tablet-align-left","mobile-align-center"],"_links":{"self":[{"href":"https:\/\/www.cosmetic.ramimrahman.com\/pl\/wp-json\/wp\/v2\/product\/472","targetHints":{"allow":["GET"]}}],"collection":[{"href":"https:\/\/www.cosmetic.ramimrahman.com\/pl\/wp-json\/wp\/v2\/product"}],"about":[{"href":"https:\/\/www.cosmetic.ramimrahman.com\/pl\/wp-json\/wp\/v2\/types\/product"}],"replies":[{"embeddable":true,"href":"https:\/\/www.cosmetic.ramimrahman.com\/pl\/wp-json\/wp\/v2\/comments?post=472"}],"version-history":[{"count":0,"href":"https:\/\/www.cosmetic.ramimrahman.com\/pl\/wp-json\/wp\/v2\/product\/472\/revisions"}],"wp:featuredmedia":[{"embeddable":true,"href":"https:\/\/www.cosmetic.ramimrahman.com\/pl\/wp-json\/wp\/v2\/media\/939"}],"wp:attachment":[{"href":"https:\/\/www.cosmetic.ramimrahman.com\/pl\/wp-json\/wp\/v2\/media?parent=472"}],"wp:term":[{"taxonomy":"product_cat","embeddable":true,"href":"https:\/\/www.cosmetic.ramimrahman.com\/pl\/wp-json\/wp\/v2\/product_cat?post=472"},{"taxonomy":"product_tag","embeddable":true,"href":"https:\/\/www.cosmetic.ramimrahman.com\/pl\/wp-json\/wp\/v2\/product_tag?post=472"}],"curies":[{"name":"wp","href":"https:\/\/api.w.org\/{rel}","templated":true}]}}