{"id":640,"date":"2021-04-26T07:24:31","date_gmt":"2021-04-26T07:24:31","guid":{"rendered":"https:\/\/www.cosmetic.ramimrahman.com\/about-us\/"},"modified":"2023-07-20T05:47:20","modified_gmt":"2023-07-20T05:47:20","slug":"about-us","status":"publish","type":"page","link":"https:\/\/www.cosmetic.ramimrahman.com\/pl\/about-us\/","title":{"rendered":"O nas"},"content":{"rendered":"<div data-elementor-type=\"wp-page\" data-elementor-id=\"640\" class=\"elementor elementor-640\" data-elementor-post-type=\"page\">\n\t\t\t\t\t\t\t\t\t<section class=\"elementor-section elementor-top-section elementor-element elementor-element-59211a8 elementor-section-boxed elementor-section-height-default elementor-section-height-default\" data-id=\"59211a8\" data-element_type=\"section\" data-settings=\"{&quot;background_background&quot;:&quot;classic&quot;}\">\n\t\t\t\t\t\t\t<div class=\"elementor-background-overlay\"><\/div>\n\t\t\t\t\t\t\t<div class=\"elementor-container elementor-column-gap-no\">\n\t\t\t\t\t<div class=\"elementor-column elementor-col-100 elementor-top-column elementor-element elementor-element-f05915a\" data-id=\"f05915a\" data-element_type=\"column\">\n\t\t\t<div class=\"elementor-widget-wrap elementor-element-populated\">\n\t\t\t\t\t\t\t\t<div class=\"elementor-element elementor-element-bff93e2 elementor-widget elementor-widget-heading\" data-id=\"bff93e2\" data-element_type=\"widget\" data-widget_type=\"heading.default\">\n\t\t\t\t<div class=\"elementor-widget-container\">\n\t\t\t<style>\/*! elementor - v3.15.0 - 02-08-2023 *\/\n.elementor-heading-title{padding:0;margin:0;line-height:1}.elementor-widget-heading .elementor-heading-title[class*=elementor-size-]>a{color:inherit;font-size:inherit;line-height:inherit}.elementor-widget-heading .elementor-heading-title.elementor-size-small{font-size:15px}.elementor-widget-heading .elementor-heading-title.elementor-size-medium{font-size:19px}.elementor-widget-heading .elementor-heading-title.elementor-size-large{font-size:29px}.elementor-widget-heading .elementor-heading-title.elementor-size-xl{font-size:39px}.elementor-widget-heading .elementor-heading-title.elementor-size-xxl{font-size:59px}<\/style><h1 class=\"elementor-heading-title elementor-size-default\">O nas<\/h1>\t\t<\/div>\n\t\t\t\t<\/div>\n\t\t\t\t\t<\/div>\n\t\t<\/div>\n\t\t\t\t\t\t\t<\/div>\n\t\t<\/section>\n\t\t\t\t<section class=\"elementor-section elementor-top-section elementor-element elementor-element-0f3c974 elementor-section-content-middle elementor-section-boxed elementor-section-height-default elementor-section-height-default\" data-id=\"0f3c974\" data-element_type=\"section\" data-settings=\"{&quot;background_background&quot;:&quot;classic&quot;}\">\n\t\t\t\t\t\t\t<div class=\"elementor-background-overlay\"><\/div>\n\t\t\t\t\t\t\t<div class=\"elementor-container elementor-column-gap-no\">\n\t\t\t\t\t<div class=\"elementor-column elementor-col-50 elementor-top-column elementor-element elementor-element-bc79f7d animated-slow elementor-invisible\" data-id=\"bc79f7d\" data-element_type=\"column\" data-settings=\"{&quot;background_background&quot;:&quot;classic&quot;,&quot;animation&quot;:&quot;fadeInLeft&quot;,&quot;animation_mobile&quot;:&quot;none&quot;}\">\n\t\t\t<div class=\"elementor-widget-wrap elementor-element-populated\">\n\t\t\t\t\t\t\t\t<div class=\"elementor-element elementor-element-9bd47bd elementor-widget elementor-widget-spacer\" data-id=\"9bd47bd\" data-element_type=\"widget\" data-widget_type=\"spacer.default\">\n\t\t\t\t<div class=\"elementor-widget-container\">\n\t\t\t<style>\/*! elementor - v3.15.0 - 02-08-2023 *\/\n.elementor-column .elementor-spacer-inner{height:var(--spacer-size)}.e-con{--container-widget-width:100%}.e-con-inner>.elementor-widget-spacer,.e-con>.elementor-widget-spacer{width:var(--container-widget-width,var(--spacer-size));--align-self:var(--container-widget-align-self,initial);--flex-shrink:0}.e-con-inner>.elementor-widget-spacer>.elementor-widget-container,.e-con-inner>.elementor-widget-spacer>.elementor-widget-container>.elementor-spacer,.e-con>.elementor-widget-spacer>.elementor-widget-container,.e-con>.elementor-widget-spacer>.elementor-widget-container>.elementor-spacer{height:100%}.e-con-inner>.elementor-widget-spacer>.elementor-widget-container>.elementor-spacer>.elementor-spacer-inner,.e-con>.elementor-widget-spacer>.elementor-widget-container>.elementor-spacer>.elementor-spacer-inner{height:var(--container-widget-height,var(--spacer-size))}<\/style>\t\t<div class=\"elementor-spacer\">\n\t\t\t<div class=\"elementor-spacer-inner\"><\/div>\n\t\t<\/div>\n\t\t\t\t<\/div>\n\t\t\t\t<\/div>\n\t\t\t\t\t<\/div>\n\t\t<\/div>\n\t\t\t\t<div class=\"elementor-column elementor-col-50 elementor-top-column elementor-element elementor-element-bafab01\" data-id=\"bafab01\" data-element_type=\"column\" data-settings=\"{&quot;background_background&quot;:&quot;classic&quot;}\">\n\t\t\t<div class=\"elementor-widget-wrap elementor-element-populated\">\n\t\t\t\t\t\t\t\t<div class=\"elementor-element elementor-element-1f09e83 elementor-widget elementor-widget-heading\" data-id=\"1f09e83\" data-element_type=\"widget\" data-widget_type=\"heading.default\">\n\t\t\t\t<div class=\"elementor-widget-container\">\n\t\t\t<h2 class=\"elementor-heading-title elementor-size-default\">Nasza historia <\/h2>\t\t<\/div>\n\t\t\t\t<\/div>\n\t\t\t\t<div class=\"elementor-element elementor-element-425aa5c elementor-widget elementor-widget-text-editor\" data-id=\"425aa5c\" data-element_type=\"widget\" data-widget_type=\"text-editor.default\">\n\t\t\t\t<div class=\"elementor-widget-container\">\n\t\t\t<style>\/*! elementor - v3.15.0 - 02-08-2023 *\/\n.elementor-widget-text-editor.elementor-drop-cap-view-stacked .elementor-drop-cap{background-color:#69727d;color:#fff}.elementor-widget-text-editor.elementor-drop-cap-view-framed .elementor-drop-cap{color:#69727d;border:3px solid;background-color:transparent}.elementor-widget-text-editor:not(.elementor-drop-cap-view-default) .elementor-drop-cap{margin-top:8px}.elementor-widget-text-editor:not(.elementor-drop-cap-view-default) .elementor-drop-cap-letter{width:1em;height:1em}.elementor-widget-text-editor .elementor-drop-cap{float:left;text-align:center;line-height:1;font-size:50px}.elementor-widget-text-editor .elementor-drop-cap-letter{display:inline-block}<\/style>\t\t\t\t<p>Nasza pasja do piel\u0119gnacji jest g\u0142\u0119boko zakorzeniona w przekonaniu, \u017ce kazdy zas\u0142uguje na to by czu\u0107 si\u0119 pewnie i pi\u0119knie we w\u0142asnej sk\u00f3rze.<\/p><p>Nasz\u0105 misj\u0105 jest rozpowszechnianie koncepcji \u201eself-care\u201d, a za cel postawili\u015bmy sobie dostarczanie wysokiej jako\u015bci, skutecznych i przemy\u015blanych produkt\u00f3w do piel\u0119gnacji, kt\u00f3re zaspokoj\u0105 r\u00f3\u017cne rodzaje sk\u00f3ry. Dzi\u0119ki silnemu zaanga\u017cowaniu w stosowanie naturalnych i od\u017cywczych sk\u0142adnik\u00f3w, tworzymy kosmetyki zapewniaj\u0105ce harmonijne rezultaty.<br \/>Chcemy promowa\u0107 pewno\u015b\u0107 siebie wynikaj\u0105c\u0105 z naturalnego pi\u0119kna \u2013 dla nas piel\u0119gnacja sk\u00f3ry to nie tylko rutyna, ale radosny rytua\u0142 wspieraj\u0105cy samo\u015bwiadomo\u015b\u0107 i wyra\u017canie siebie!<\/p>\t\t\t\t\t\t<\/div>\n\t\t\t\t<\/div>\n\t\t\t\t\t<\/div>\n\t\t<\/div>\n\t\t\t\t\t\t\t<\/div>\n\t\t<\/section>\n\t\t\t\t<section class=\"elementor-section elementor-top-section elementor-element elementor-element-c031995 elementor-hidden-desktop elementor-hidden-tablet elementor-hidden-mobile elementor-section-boxed elementor-section-height-default elementor-section-height-default\" data-id=\"c031995\" data-element_type=\"section\" data-settings=\"{&quot;background_background&quot;:&quot;classic&quot;}\">\n\t\t\t\t\t\t<div class=\"elementor-container elementor-column-gap-no\">\n\t\t\t\t\t<div class=\"elementor-column elementor-col-100 elementor-top-column elementor-element elementor-element-d512534\" data-id=\"d512534\" data-element_type=\"column\">\n\t\t\t<div class=\"elementor-widget-wrap elementor-element-populated\">\n\t\t\t\t\t\t\t\t<section class=\"elementor-section elementor-inner-section elementor-element elementor-element-f27f0dc elementor-section-boxed elementor-section-height-default elementor-section-height-default\" data-id=\"f27f0dc\" data-element_type=\"section\">\n\t\t\t\t\t\t<div class=\"elementor-container elementor-column-gap-no\">\n\t\t\t\t\t<div class=\"elementor-column elementor-col-25 elementor-inner-column elementor-element elementor-element-9644296 animated-slow elementor-invisible\" data-id=\"9644296\" data-element_type=\"column\" data-settings=\"{&quot;animation&quot;:&quot;zoomIn&quot;}\">\n\t\t\t<div class=\"elementor-widget-wrap elementor-element-populated\">\n\t\t\t\t\t\t\t\t<div class=\"elementor-element elementor-element-ab625f9 elementor-position-top elementor-widget elementor-widget-image-box\" data-id=\"ab625f9\" data-element_type=\"widget\" data-widget_type=\"image-box.default\">\n\t\t\t\t<div class=\"elementor-widget-container\">\n\t\t\t<style>\/*! elementor - v3.15.0 - 02-08-2023 *\/\n.elementor-widget-image-box .elementor-image-box-content{width:100%}@media (min-width:768px){.elementor-widget-image-box.elementor-position-left .elementor-image-box-wrapper,.elementor-widget-image-box.elementor-position-right .elementor-image-box-wrapper{display:flex}.elementor-widget-image-box.elementor-position-right .elementor-image-box-wrapper{text-align:right;flex-direction:row-reverse}.elementor-widget-image-box.elementor-position-left .elementor-image-box-wrapper{text-align:left;flex-direction:row}.elementor-widget-image-box.elementor-position-top .elementor-image-box-img{margin:auto}.elementor-widget-image-box.elementor-vertical-align-top .elementor-image-box-wrapper{align-items:flex-start}.elementor-widget-image-box.elementor-vertical-align-middle .elementor-image-box-wrapper{align-items:center}.elementor-widget-image-box.elementor-vertical-align-bottom .elementor-image-box-wrapper{align-items:flex-end}}@media (max-width:767px){.elementor-widget-image-box .elementor-image-box-img{margin-left:auto!important;margin-right:auto!important;margin-bottom:15px}}.elementor-widget-image-box .elementor-image-box-img{display:inline-block}.elementor-widget-image-box .elementor-image-box-title a{color:inherit}.elementor-widget-image-box .elementor-image-box-wrapper{text-align:center}.elementor-widget-image-box .elementor-image-box-description{margin:0}<\/style><div class=\"elementor-image-box-wrapper\"><figure class=\"elementor-image-box-img\"><a href=\"#\"><img loading=\"lazy\" decoding=\"async\" width=\"128\" height=\"128\" src=\"https:\/\/www.cosmetic.ramimrahman.com\/wp-content\/uploads\/2023\/07\/growth.png\" class=\"attachment-full size-full wp-image-980\" alt=\"\" srcset=\"https:\/\/www.cosmetic.ramimrahman.com\/wp-content\/uploads\/2023\/07\/growth.png 128w, https:\/\/www.cosmetic.ramimrahman.com\/wp-content\/uploads\/2023\/07\/growth-100x100.png 100w\" sizes=\"auto, (max-width: 128px) 100vw, 128px\" \/><\/a><\/figure><div class=\"elementor-image-box-content\"><h6 class=\"elementor-image-box-title\"><a href=\"#\">Naturalne sk\u0142adniki<\/a><\/h6><\/div><\/div>\t\t<\/div>\n\t\t\t\t<\/div>\n\t\t\t\t\t<\/div>\n\t\t<\/div>\n\t\t\t\t<div class=\"elementor-column elementor-col-25 elementor-inner-column elementor-element elementor-element-f68c9f9 animated-slow elementor-invisible\" data-id=\"f68c9f9\" data-element_type=\"column\" data-settings=\"{&quot;animation&quot;:&quot;zoomIn&quot;}\">\n\t\t\t<div class=\"elementor-widget-wrap elementor-element-populated\">\n\t\t\t\t\t\t\t\t<div class=\"elementor-element elementor-element-cf68332 elementor-position-top elementor-widget elementor-widget-image-box\" data-id=\"cf68332\" data-element_type=\"widget\" data-widget_type=\"image-box.default\">\n\t\t\t\t<div class=\"elementor-widget-container\">\n\t\t\t<div class=\"elementor-image-box-wrapper\"><figure class=\"elementor-image-box-img\"><a href=\"#\"><img loading=\"lazy\" decoding=\"async\" width=\"128\" height=\"128\" src=\"https:\/\/www.cosmetic.ramimrahman.com\/wp-content\/uploads\/2023\/07\/checklist-3.png\" class=\"attachment-full size-full wp-image-988\" alt=\"\" srcset=\"https:\/\/www.cosmetic.ramimrahman.com\/wp-content\/uploads\/2023\/07\/checklist-3.png 128w, https:\/\/www.cosmetic.ramimrahman.com\/wp-content\/uploads\/2023\/07\/checklist-3-100x100.png 100w\" sizes=\"auto, (max-width: 128px) 100vw, 128px\" \/><\/a><\/figure><div class=\"elementor-image-box-content\"><h6 class=\"elementor-image-box-title\"><a href=\"#\">\u0141atwy do kupienia<\/a><\/h6><\/div><\/div>\t\t<\/div>\n\t\t\t\t<\/div>\n\t\t\t\t\t<\/div>\n\t\t<\/div>\n\t\t\t\t<div class=\"elementor-column elementor-col-25 elementor-inner-column elementor-element elementor-element-532680d animated-slow elementor-invisible\" data-id=\"532680d\" data-element_type=\"column\" data-settings=\"{&quot;animation&quot;:&quot;zoomIn&quot;}\">\n\t\t\t<div class=\"elementor-widget-wrap elementor-element-populated\">\n\t\t\t\t\t\t\t\t<div class=\"elementor-element elementor-element-b76af05 elementor-position-top elementor-widget elementor-widget-image-box\" data-id=\"b76af05\" data-element_type=\"widget\" data-widget_type=\"image-box.default\">\n\t\t\t\t<div class=\"elementor-widget-container\">\n\t\t\t<div class=\"elementor-image-box-wrapper\"><figure class=\"elementor-image-box-img\"><a href=\"#\"><img loading=\"lazy\" decoding=\"async\" width=\"128\" height=\"128\" src=\"https:\/\/www.cosmetic.ramimrahman.com\/wp-content\/uploads\/2023\/07\/shield-2.png\" class=\"attachment-full size-full wp-image-993\" alt=\"\" srcset=\"https:\/\/www.cosmetic.ramimrahman.com\/wp-content\/uploads\/2023\/07\/shield-2.png 128w, https:\/\/www.cosmetic.ramimrahman.com\/wp-content\/uploads\/2023\/07\/shield-2-100x100.png 100w\" sizes=\"auto, (max-width: 128px) 100vw, 128px\" \/><\/a><\/figure><div class=\"elementor-image-box-content\"><h6 class=\"elementor-image-box-title\"><a href=\"#\">Najwy\u017csza jako\u015b\u0107<\/a><\/h6><\/div><\/div>\t\t<\/div>\n\t\t\t\t<\/div>\n\t\t\t\t\t<\/div>\n\t\t<\/div>\n\t\t\t\t<div class=\"elementor-column elementor-col-25 elementor-inner-column elementor-element elementor-element-3e4743b animated-slow elementor-invisible\" data-id=\"3e4743b\" data-element_type=\"column\" data-settings=\"{&quot;animation&quot;:&quot;zoomIn&quot;}\">\n\t\t\t<div class=\"elementor-widget-wrap elementor-element-populated\">\n\t\t\t\t\t\t\t\t<div class=\"elementor-element elementor-element-3dd38d6 elementor-position-top elementor-widget elementor-widget-image-box\" data-id=\"3dd38d6\" data-element_type=\"widget\" data-widget_type=\"image-box.default\">\n\t\t\t\t<div class=\"elementor-widget-container\">\n\t\t\t<div class=\"elementor-image-box-wrapper\"><figure class=\"elementor-image-box-img\"><a href=\"#\"><img loading=\"lazy\" decoding=\"async\" width=\"128\" height=\"128\" src=\"https:\/\/www.cosmetic.ramimrahman.com\/wp-content\/uploads\/2023\/07\/product-life.png\" class=\"attachment-full size-full wp-image-994\" alt=\"\" srcset=\"https:\/\/www.cosmetic.ramimrahman.com\/wp-content\/uploads\/2023\/07\/product-life.png 128w, https:\/\/www.cosmetic.ramimrahman.com\/wp-content\/uploads\/2023\/07\/product-life-100x100.png 100w\" sizes=\"auto, (max-width: 128px) 100vw, 128px\" \/><\/a><\/figure><div class=\"elementor-image-box-content\"><h6 class=\"elementor-image-box-title\"><a href=\"#\">Recyclable Packaging<\/a><\/h6><\/div><\/div>\t\t<\/div>\n\t\t\t\t<\/div>\n\t\t\t\t\t<\/div>\n\t\t<\/div>\n\t\t\t\t\t\t\t<\/div>\n\t\t<\/section>\n\t\t\t\t\t<\/div>\n\t\t<\/div>\n\t\t\t\t\t\t\t<\/div>\n\t\t<\/section>\n\t\t\t\t<section class=\"elementor-section elementor-top-section elementor-element elementor-element-53ae289 elementor-reverse-mobile elementor-section-boxed elementor-section-height-default elementor-section-height-default\" data-id=\"53ae289\" data-element_type=\"section\" data-settings=\"{&quot;background_background&quot;:&quot;classic&quot;}\">\n\t\t\t\t\t\t<div class=\"elementor-container elementor-column-gap-no\">\n\t\t\t\t\t<div class=\"elementor-column elementor-col-50 elementor-top-column elementor-element elementor-element-efc620e\" data-id=\"efc620e\" data-element_type=\"column\" data-settings=\"{&quot;background_background&quot;:&quot;classic&quot;}\">\n\t\t\t<div class=\"elementor-widget-wrap elementor-element-populated\">\n\t\t\t\t\t\t\t\t<div class=\"elementor-element elementor-element-9ec63e4 elementor-widget elementor-widget-heading\" data-id=\"9ec63e4\" data-element_type=\"widget\" data-widget_type=\"heading.default\">\n\t\t\t\t<div class=\"elementor-widget-container\">\n\t\t\t<h2 class=\"elementor-heading-title elementor-size-default\">Jak powsta\u0142o Even Care<\/h2>\t\t<\/div>\n\t\t\t\t<\/div>\n\t\t\t\t<div class=\"elementor-element elementor-element-3f17ca9 elementor-widget elementor-widget-heading\" data-id=\"3f17ca9\" data-element_type=\"widget\" data-widget_type=\"heading.default\">\n\t\t\t\t<div class=\"elementor-widget-container\">\n\t\t\t<h3 class=\"elementor-heading-title elementor-size-default\">Julia Dudek<\/h3>\t\t<\/div>\n\t\t\t\t<\/div>\n\t\t\t\t<div class=\"elementor-element elementor-element-8c23d65 elementor-widget elementor-widget-text-editor\" data-id=\"8c23d65\" data-element_type=\"widget\" data-widget_type=\"text-editor.default\">\n\t\t\t\t<div class=\"elementor-widget-container\">\n\t\t\t\t\t\t\t<p>Ze wzgl\u0119du na swoj\u0105 prac\u0119, przez ostatnich par\u0119 lat sp\u0119dzi\u0142am wi\u0119cej czasu na lotniskach, w samolotach i hotelach, ni\u017c we w\u0142asnym domu. Do\u015b\u0107 szybko zda\u0142am sobie spraw\u0119, jak ci\u0105g\u0142e podr\u00f3\u017ce wp\u0142ywaj\u0105 na moj\u0105 sk\u00f3r\u0119 \u2013 by\u0142a ona wci\u0105\u017c nara\u017cana na dzia\u0142anie klimatyzacji, nag\u0142e zmiany temperatury, nieregularny sen i wiele innych szkodliwych czynnik\u00f3w bardziej ni\u017c kiedykolwiek wcze\u015bniej. Od dawna marzy\u0142am o stworzeniu produkt\u00f3w, kt\u00f3re b\u0119d\u0105 towarzyszy\u0107 mi w ka\u017cdej podr\u00f3\u017cy i zapewnia\u0107 odpowiedni\u0105 piel\u0119gnacj\u0119 wra\u017cliwej sk\u00f3ry. Efektem mojego marzenia jest stworzenie naszej pierwszej linii kosmetyk\u00f3w, starannie zapakowanych do praktycznej kosmetyczki podr\u00f3\u017cnej. Ale to dopiero pocz\u0105tek podr\u00f3\u017cy \u2013 w Even Care pracujemy nad innowacjami oraz poszerzeniem gamy produkt\u00f3w kt\u00f3re zaspokoj\u0105 r\u00f3\u017cne style \u017cycia, rodzaje i potrzeby sk\u00f3ry. Liczymy, \u017ce pokochasz self-care tak samo jak my, gdziekolwiek jeste\u015b!\nJulia Dudek<\/p>\t\t\t\t\t\t<\/div>\n\t\t\t\t<\/div>\n\t\t\t\t<div class=\"elementor-element elementor-element-c8a9fef elementor-widget elementor-widget-image\" data-id=\"c8a9fef\" data-element_type=\"widget\" data-widget_type=\"image.default\">\n\t\t\t\t<div class=\"elementor-widget-container\">\n\t\t\t<style>\/*! elementor - v3.15.0 - 02-08-2023 *\/\n.elementor-widget-image{text-align:center}.elementor-widget-image a{display:inline-block}.elementor-widget-image a img[src$=\".svg\"]{width:48px}.elementor-widget-image img{vertical-align:middle;display:inline-block}<\/style>\t\t\t\t\t\t\t\t\t\t\t\t<img loading=\"lazy\" decoding=\"async\" width=\"113\" height=\"163\" src=\"https:\/\/www.cosmetic.ramimrahman.com\/wp-content\/uploads\/2021\/04\/signature-free-img.png\" class=\"attachment-full size-full wp-image-76\" alt=\"\" \/>\t\t\t\t\t\t\t\t\t\t\t\t\t\t\t<\/div>\n\t\t\t\t<\/div>\n\t\t\t\t<div class=\"elementor-element elementor-element-4e3cca1 elementor-widget elementor-widget-button\" data-id=\"4e3cca1\" data-element_type=\"widget\" data-widget_type=\"button.default\">\n\t\t\t\t<div class=\"elementor-widget-container\">\n\t\t\t\t\t<div class=\"elementor-button-wrapper\">\n\t\t\t<a class=\"elementor-button elementor-button-link elementor-size-sm elementor-animation-grow\" href=\"https:\/\/www.cosmetic.ramimrahman.com\/pl\/contact\/\">\n\t\t\t\t\t\t<span class=\"elementor-button-content-wrapper\">\n\t\t\t\t\t\t<span class=\"elementor-button-text\">Skontaktuj si\u0119 z nami<\/span>\n\t\t<\/span>\n\t\t\t\t\t<\/a>\n\t\t<\/div>\n\t\t\t\t<\/div>\n\t\t\t\t<\/div>\n\t\t\t\t\t<\/div>\n\t\t<\/div>\n\t\t\t\t<div class=\"elementor-column elementor-col-50 elementor-top-column elementor-element elementor-element-35923b6\" data-id=\"35923b6\" data-element_type=\"column\">\n\t\t\t<div class=\"elementor-widget-wrap elementor-element-populated\">\n\t\t\t\t\t\t\t\t<div class=\"elementor-element elementor-element-bcbe6d8 elementor-widget elementor-widget-image\" data-id=\"bcbe6d8\" data-element_type=\"widget\" data-widget_type=\"image.default\">\n\t\t\t\t<div class=\"elementor-widget-container\">\n\t\t\t\t\t\t\t\t\t\t\t\t\t\t\t<img loading=\"lazy\" decoding=\"async\" width=\"570\" height=\"570\" src=\"https:\/\/www.cosmetic.ramimrahman.com\/wp-content\/uploads\/2021\/04\/about-01-free-img.jpg\" class=\"attachment-full size-full wp-image-29\" alt=\"\" srcset=\"https:\/\/www.cosmetic.ramimrahman.com\/wp-content\/uploads\/2021\/04\/about-01-free-img.jpg 570w, https:\/\/www.cosmetic.ramimrahman.com\/wp-content\/uploads\/2021\/04\/about-01-free-img-300x300.jpg 300w, https:\/\/www.cosmetic.ramimrahman.com\/wp-content\/uploads\/2021\/04\/about-01-free-img-100x100.jpg 100w, https:\/\/www.cosmetic.ramimrahman.com\/wp-content\/uploads\/2021\/04\/about-01-free-img-150x150.jpg 150w\" sizes=\"auto, (max-width: 570px) 100vw, 570px\" \/>\t\t\t\t\t\t\t\t\t\t\t\t\t\t\t<\/div>\n\t\t\t\t<\/div>\n\t\t\t\t\t<\/div>\n\t\t<\/div>\n\t\t\t\t\t\t\t<\/div>\n\t\t<\/section>\n\t\t\t\t<section class=\"elementor-section elementor-top-section elementor-element elementor-element-fdf1c35 elementor-section-boxed elementor-section-height-default elementor-section-height-default\" data-id=\"fdf1c35\" data-element_type=\"section\" data-settings=\"{&quot;background_background&quot;:&quot;classic&quot;}\">\n\t\t\t\t\t\t<div class=\"elementor-container elementor-column-gap-no\">\n\t\t\t\t\t<div class=\"elementor-column elementor-col-100 elementor-top-column elementor-element elementor-element-4382561\" data-id=\"4382561\" data-element_type=\"column\">\n\t\t\t<div class=\"elementor-widget-wrap\">\n\t\t\t\t\t\t\t\t\t<\/div>\n\t\t<\/div>\n\t\t\t\t\t\t\t<\/div>\n\t\t<\/section>\n\t\t\t\t\t\t\t<\/div>","protected":false},"excerpt":{"rendered":"<p>About Us About Our Story We are more than just a cosmetics brand; we are proudly addicted to the art of nurturing healthy and radiant skin. Our passion for skincare is deeply rooted in the belief that everyone deserves to feel confident and beautiful in their own skin. At Even Care, our mission is to &hellip;<\/p>\n<p class=\"read-more\"> <a class=\"\" href=\"https:\/\/www.cosmetic.ramimrahman.com\/pl\/about-us\/\"> <span class=\"screen-reader-text\">O nas<\/span> Read More &raquo;<\/a><\/p>","protected":false},"author":1,"featured_media":0,"parent":0,"menu_order":0,"comment_status":"closed","ping_status":"closed","template":"","meta":{"site-sidebar-layout":"no-sidebar","site-content-layout":"page-builder","ast-global-header-display":"","ast-banner-title-visibility":"","ast-main-header-display":"","ast-hfb-above-header-display":"","ast-hfb-below-header-display":"","ast-hfb-mobile-header-display":"","site-post-title":"disabled","ast-breadcrumbs-content":"disabled","ast-featured-img":"disabled","footer-sml-layout":"","theme-transparent-header-meta":"disabled","adv-header-id-meta":"","stick-header-meta":"","header-above-stick-meta":"","header-main-stick-meta":"","header-below-stick-meta":"","footnotes":""},"class_list":["post-640","page","type-page","status-publish","hentry"],"_links":{"self":[{"href":"https:\/\/www.cosmetic.ramimrahman.com\/pl\/wp-json\/wp\/v2\/pages\/640","targetHints":{"allow":["GET"]}}],"collection":[{"href":"https:\/\/www.cosmetic.ramimrahman.com\/pl\/wp-json\/wp\/v2\/pages"}],"about":[{"href":"https:\/\/www.cosmetic.ramimrahman.com\/pl\/wp-json\/wp\/v2\/types\/page"}],"author":[{"embeddable":true,"href":"https:\/\/www.cosmetic.ramimrahman.com\/pl\/wp-json\/wp\/v2\/users\/1"}],"replies":[{"embeddable":true,"href":"https:\/\/www.cosmetic.ramimrahman.com\/pl\/wp-json\/wp\/v2\/comments?post=640"}],"version-history":[{"count":6,"href":"https:\/\/www.cosmetic.ramimrahman.com\/pl\/wp-json\/wp\/v2\/pages\/640\/revisions"}],"predecessor-version":[{"id":1469,"href":"https:\/\/www.cosmetic.ramimrahman.com\/pl\/wp-json\/wp\/v2\/pages\/640\/revisions\/1469"}],"wp:attachment":[{"href":"https:\/\/www.cosmetic.ramimrahman.com\/pl\/wp-json\/wp\/v2\/media?parent=640"}],"curies":[{"name":"wp","href":"https:\/\/api.w.org\/{rel}","templated":true}]}}